{"id":39,"date":"2024-05-27T04:17:35","date_gmt":"2024-05-27T04:17:35","guid":{"rendered":"https:\/\/localhost:8080\/test2\/wordpress\/?page_id=9"},"modified":"2025-02-21T20:21:21","modified_gmt":"2025-02-21T20:21:21","slug":"contact","status":"publish","type":"page","link":"https:\/\/communitysuppers.org\/pl\/contact\/","title":{"rendered":"Kontakt"},"content":{"rendered":"<p>Chcieliby\u015bmy us\u0142ysze\u0107 od Ciebie! Niezale\u017cnie od tego, czy masz pytania, potrzebujesz wi\u0119cej informacji, czy chcesz si\u0119 zaanga\u017cowa\u0107, jeste\u015bmy tutaj, aby Ci pom\u00f3c. Skorzystaj z poni\u017cszego formularza lub napisz do nas bezpo\u015brednio na adres <strong data-start=\"168\" data-end=\"198\"><a href=\"mailto:SummerSuppersNWS@gmail.com\" target=\"_blank\" rel=\"noopener\" data-start=\"170\" data-end=\"196\" data-is-only-node=\"\">SummerSuppersNWS@gmail.com<\/a><\/strong>. Je\u015bli Twoje zapytanie dotyczy jednej z naszych uczestnicz\u0105cych witryn hostuj\u0105cych, przeka\u017cemy mu Twoj\u0105 wiadomo\u015b\u0107 tak szybko, jak to mo\u017cliwe w zwyk\u0142ych godzinach pracy (zazwyczaj od poniedzia\u0142ku do pi\u0105tku w godzinach od 9:00 do 17:00). Skontaktuj si\u0119 z nami ju\u017c dzi\u015b - ch\u0119tnie pomo\u017cemy!<\/p>\n\n<div class=\"wpcf7 no-js\" id=\"wpcf7-f757-o1\" lang=\"en\" dir=\"ltr\" data-wpcf7-id=\"757\">\n<div class=\"screen-reader-response\"><p role=\"status\" aria-live=\"polite\" aria-atomic=\"true\"><\/p> <ul><\/ul><\/div>\n<form action=\"\/pl\/wp-json\/wp\/v2\/pages\/39#wpcf7-f757-o1\" method=\"post\" class=\"wpcf7-form init\" aria-label=\"Formularz kontaktowy\" novalidate=\"novalidate\" data-status=\"init\" data-trp-original-action=\"\/pl\/wp-json\/wp\/v2\/pages\/39#wpcf7-f757-o1\">\n<fieldset class=\"hidden-fields-container\"><input type=\"hidden\" name=\"_wpcf7\" value=\"757\" \/><input type=\"hidden\" name=\"_wpcf7_version\" value=\"6.1.5\" \/><input type=\"hidden\" name=\"_wpcf7_locale\" value=\"en\" \/><input type=\"hidden\" name=\"_wpcf7_unit_tag\" value=\"wpcf7-f757-o1\" \/><input type=\"hidden\" name=\"_wpcf7_container_post\" value=\"0\" \/><input type=\"hidden\" name=\"_wpcf7_posted_data_hash\" value=\"\" \/>\n<\/fieldset>\n<div class=\"uacf7-form-wrapper-container uacf7-form-757\"><label> Imi\u0119 i nazwisko\n    <span class=\"wpcf7-form-control-wrap\" data-name=\"your-name\"><input size=\"40\" maxlength=\"400\" class=\"wpcf7-form-control wpcf7-text wpcf7-validates-as-required\" autocomplete=\"name\" aria-required=\"true\" aria-invalid=\"false\" value=\"\" type=\"text\" name=\"your-name\" \/><\/span> <\/label>\n\n<label> Tw\u00f3j adres e-mail\n    <span class=\"wpcf7-form-control-wrap\" data-name=\"your-email\"><input size=\"40\" maxlength=\"400\" class=\"wpcf7-form-control wpcf7-email wpcf7-validates-as-required wpcf7-text wpcf7-validates-as-email\" autocomplete=\"email\" aria-required=\"true\" aria-invalid=\"false\" value=\"\" type=\"email\" name=\"your-email\" \/><\/span> <\/label>\n\n<label> Przedmiot\n    <span class=\"wpcf7-form-control-wrap\" data-name=\"your-subject\"><input size=\"40\" maxlength=\"400\" class=\"wpcf7-form-control wpcf7-text wpcf7-validates-as-required\" aria-required=\"true\" aria-invalid=\"false\" value=\"\" type=\"text\" name=\"your-subject\" \/><\/span> <\/label>\n\n<label> Twoja wiadomo\u015b\u0107 (opcjonalnie)\n    <span class=\"wpcf7-form-control-wrap\" data-name=\"your-message\"><textarea cols=\"40\" rows=\"10\" maxlength=\"2000\" class=\"wpcf7-form-control wpcf7-textarea\" aria-invalid=\"false\" name=\"your-message\"><\/textarea><\/span> <\/label>\n\n<input class=\"wpcf7-form-control wpcf7-submit has-spinner\" type=\"submit\" value=\"Prze\u015blij\" \/><\/div><div class=\"wpcf7-response-output\" aria-hidden=\"true\"><\/div>\n<input type=\"hidden\" name=\"trp-form-language\" value=\"pl\"\/><\/form>\n<\/div>","protected":false},"excerpt":{"rendered":"<p>Chcieliby\u015bmy us\u0142ysze\u0107 od Ciebie! Niezale\u017cnie od tego, czy masz pytania, potrzebujesz wi\u0119cej informacji, czy chcesz si\u0119 zaanga\u017cowa\u0107, jeste\u015bmy tutaj, aby pom\u00f3c. Skorzystaj z poni\u017cszego formularza lub napisz do nas bezpo\u015brednio... <a class=\"more-link\" href=\"https:\/\/communitysuppers.org\/pl\/contact\/\">Czytaj dalej <span class=\"screen-reader-text\">Kontakt<\/span><\/a><\/p>","protected":false},"author":1,"featured_media":0,"parent":0,"menu_order":0,"comment_status":"closed","ping_status":"closed","template":"","meta":{"_acf_changed":false,"footnotes":""},"class_list":["post-39","page","type-page","status-publish","hentry","entry"],"acf":[],"_links":{"self":[{"href":"https:\/\/communitysuppers.org\/pl\/wp-json\/wp\/v2\/pages\/39","targetHints":{"allow":["GET"]}}],"collection":[{"href":"https:\/\/communitysuppers.org\/pl\/wp-json\/wp\/v2\/pages"}],"about":[{"href":"https:\/\/communitysuppers.org\/pl\/wp-json\/wp\/v2\/types\/page"}],"author":[{"embeddable":true,"href":"https:\/\/communitysuppers.org\/pl\/wp-json\/wp\/v2\/users\/1"}],"replies":[{"embeddable":true,"href":"https:\/\/communitysuppers.org\/pl\/wp-json\/wp\/v2\/comments?post=39"}],"version-history":[{"count":2,"href":"https:\/\/communitysuppers.org\/pl\/wp-json\/wp\/v2\/pages\/39\/revisions"}],"predecessor-version":[{"id":913,"href":"https:\/\/communitysuppers.org\/pl\/wp-json\/wp\/v2\/pages\/39\/revisions\/913"}],"wp:attachment":[{"href":"https:\/\/communitysuppers.org\/pl\/wp-json\/wp\/v2\/media?parent=39"}],"curies":[{"name":"wp","href":"https:\/\/api.w.org\/{rel}","templated":true}]}}