{"id":38,"date":"2024-05-27T04:17:35","date_gmt":"2024-05-27T04:17:35","guid":{"rendered":"https:\/\/localhost:8080\/test2\/wordpress\/?page_id=8"},"modified":"2025-01-30T20:31:42","modified_gmt":"2025-01-30T20:31:42","slug":"about","status":"publish","type":"page","link":"https:\/\/communitysuppers.org\/pl\/about\/","title":{"rendered":"O"},"content":{"rendered":"<p><strong>Misja<br \/>\n<\/strong>Koalicja Summer Supper ma na celu z\u0142agodzenie braku bezpiecze\u0144stwa \u017cywno\u015bciowego poprzez dostarczanie obfitych, domowych posi\u0142k\u00f3w i wsp\u00f3\u0142czuj\u0105cego wsparcia osobom i rodzinom w potrzebie. D\u0105\u017cymy do stworzenia przyjaznego \u015brodowiska, w kt\u00f3rym ka\u017cdy mo\u017ce znale\u017a\u0107 po\u017cywienie, godno\u015b\u0107 i nadziej\u0119.<\/p>\n<p><strong>Wizja<br \/>\n<\/strong>Nasz\u0105 wizj\u0105 jest spo\u0142eczno\u015b\u0107, w kt\u00f3rej nikt nie jest g\u0142odny, a ka\u017cdy ma dost\u0119p do zasob\u00f3w potrzebnych do rozwoju. Naszym celem jest inspirowanie i mobilizowanie naszej spo\u0142eczno\u015bci do walki z brakiem bezpiecze\u0144stwa \u017cywno\u015bciowego oraz budowanie sieci opieki i wsparcia.<\/p>\n<p><strong>Warto\u015bci<\/strong><\/p>\n<p><strong>Wsp\u00f3\u0142czucie<\/strong>: Traktujemy wszystkich z \u017cyczliwo\u015bci\u0105, empati\u0105 i szacunkiem.<\/p>\n<p><strong>Inkluzywno\u015b\u0107<\/strong>: Witamy wszystkie osoby, uznaj\u0105c r\u00f3\u017cnorodne okoliczno\u015bci, kt\u00f3re sprowadzaj\u0105 je do naszego sto\u0142u.<\/p>\n<p><strong>Godno\u015b\u0107<\/strong>: S\u0142u\u017cymy bez os\u0105dzania, szanuj\u0105c wrodzon\u0105 warto\u015b\u0107 ka\u017cdej osoby.<\/p>\n<p><strong>Wsp\u00f3\u0142praca<\/strong>: Wsp\u00f3\u0142pracujemy z lokalnymi organizacjami, wolontariuszami i darczy\u0144cami, aby zmaksymalizowa\u0107 nasz wp\u0142yw i zasi\u0119g.<\/p>\n<p><strong>Integralno\u015b\u0107<\/strong>: D\u0105\u017cymy do przejrzysto\u015bci, odpowiedzialno\u015bci i etycznych praktyk we wszystkich naszych dzia\u0142aniach.<\/p>","protected":false},"excerpt":{"rendered":"<p>Mission The Summer Supper Coalition is dedicated to alleviating food insecurity by providing hearty, home-cooked meals and compassionate support to individuals and families in need. We strive to create a&hellip; <a class=\"more-link\" href=\"https:\/\/communitysuppers.org\/pl\/about\/\">Czytaj dalej <span class=\"screen-reader-text\">O<\/span><\/a><\/p>","protected":false},"author":1,"featured_media":0,"parent":0,"menu_order":0,"comment_status":"closed","ping_status":"closed","template":"","meta":{"_acf_changed":false,"footnotes":""},"class_list":["post-38","page","type-page","status-publish","hentry","entry"],"acf":[],"_links":{"self":[{"href":"https:\/\/communitysuppers.org\/pl\/wp-json\/wp\/v2\/pages\/38","targetHints":{"allow":["GET"]}}],"collection":[{"href":"https:\/\/communitysuppers.org\/pl\/wp-json\/wp\/v2\/pages"}],"about":[{"href":"https:\/\/communitysuppers.org\/pl\/wp-json\/wp\/v2\/types\/page"}],"author":[{"embeddable":true,"href":"https:\/\/communitysuppers.org\/pl\/wp-json\/wp\/v2\/users\/1"}],"replies":[{"embeddable":true,"href":"https:\/\/communitysuppers.org\/pl\/wp-json\/wp\/v2\/comments?post=38"}],"version-history":[{"count":1,"href":"https:\/\/communitysuppers.org\/pl\/wp-json\/wp\/v2\/pages\/38\/revisions"}],"predecessor-version":[{"id":817,"href":"https:\/\/communitysuppers.org\/pl\/wp-json\/wp\/v2\/pages\/38\/revisions\/817"}],"wp:attachment":[{"href":"https:\/\/communitysuppers.org\/pl\/wp-json\/wp\/v2\/media?parent=38"}],"curies":[{"name":"wp","href":"https:\/\/api.w.org\/{rel}","templated":true}]}}