{"id":37,"date":"2024-05-27T04:17:35","date_gmt":"2024-05-27T04:17:35","guid":{"rendered":"https:\/\/localhost:8080\/test2\/wordpress\/?page_id=7"},"modified":"2025-03-30T20:28:20","modified_gmt":"2025-03-30T20:28:20","slug":"create-your-website-with-blocks","status":"publish","type":"page","link":"https:\/\/communitysuppers.org\/pl\/","title":{"rendered":"Witamy!"},"content":{"rendered":"<h3>Witamy!<\/h3>\r\n\r\n<p>Witamy w Community Supper Coalition! Niezale\u017cnie od tego, czy szukasz pomocy, czy chcesz wesprze\u0107 nasz\u0105 misj\u0119, cieszymy si\u0119, \u017ce tu jeste\u015b. Je\u015bli potrzebujesz pomocy na p\u00f3\u0142nocno-zachodnich przedmie\u015bciach Chicago, jeste\u015b we w\u0142a\u015bciwym miejscu - nasze plac\u00f3wki serwuj\u0105 posi\u0142ki na zmian\u0119 od maja do wrze\u015bnia. Dla tych, kt\u00f3rzy s\u0105 gotowi, aby co\u015b zmieni\u0107, zbadaj, w jaki spos\u00f3b mo\u017cesz wnie\u015b\u0107 sw\u00f3j wk\u0142ad i do\u0142\u0105czy\u0107 do naszej spo\u0142eczno\u015bci w szerzeniu nadziei i po\u017cywienia. Razem wywrzemy znacz\u0105cy wp\u0142yw!<\/p>","protected":false},"excerpt":{"rendered":"<p>Witamy! Witamy w Community Supper Coalition! Niezale\u017cnie od tego, czy szukasz pomocy, czy chcesz wesprze\u0107 nasz\u0105 misj\u0119, cieszymy si\u0119, \u017ce tu jeste\u015b. Je\u015bli potrzebujesz pomocy na p\u00f3\u0142nocno-zachodnich przedmie\u015bciach Chicago,... <a class=\"more-link\" href=\"https:\/\/communitysuppers.org\/pl\/\">Czytaj dalej <span class=\"screen-reader-text\">Witamy!<\/span><\/a><\/p>","protected":false},"author":1,"featured_media":801,"parent":0,"menu_order":0,"comment_status":"closed","ping_status":"closed","template":"template-parts\/frontpage.php","meta":{"_acf_changed":false,"footnotes":""},"class_list":["post-37","page","type-page","status-publish","has-post-thumbnail","hentry","entry"],"acf":[],"_links":{"self":[{"href":"https:\/\/communitysuppers.org\/pl\/wp-json\/wp\/v2\/pages\/37","targetHints":{"allow":["GET"]}}],"collection":[{"href":"https:\/\/communitysuppers.org\/pl\/wp-json\/wp\/v2\/pages"}],"about":[{"href":"https:\/\/communitysuppers.org\/pl\/wp-json\/wp\/v2\/types\/page"}],"author":[{"embeddable":true,"href":"https:\/\/communitysuppers.org\/pl\/wp-json\/wp\/v2\/users\/1"}],"replies":[{"embeddable":true,"href":"https:\/\/communitysuppers.org\/pl\/wp-json\/wp\/v2\/comments?post=37"}],"version-history":[{"count":3,"href":"https:\/\/communitysuppers.org\/pl\/wp-json\/wp\/v2\/pages\/37\/revisions"}],"predecessor-version":[{"id":1010,"href":"https:\/\/communitysuppers.org\/pl\/wp-json\/wp\/v2\/pages\/37\/revisions\/1010"}],"wp:featuredmedia":[{"embeddable":true,"href":"https:\/\/communitysuppers.org\/pl\/wp-json\/wp\/v2\/media\/801"}],"wp:attachment":[{"href":"https:\/\/communitysuppers.org\/pl\/wp-json\/wp\/v2\/media?parent=37"}],"curies":[{"name":"wp","href":"https:\/\/api.w.org\/{rel}","templated":true}]}}