{"id":39,"date":"2024-05-27T04:17:35","date_gmt":"2024-05-27T04:17:35","guid":{"rendered":"https:\/\/localhost:8080\/test2\/wordpress\/?page_id=9"},"modified":"2025-02-21T20:21:21","modified_gmt":"2025-02-21T20:21:21","slug":"contact","status":"publish","type":"page","link":"https:\/\/communitysuppers.org\/es\/contact\/","title":{"rendered":"P\u00f3ngase en contacto con"},"content":{"rendered":"<p>Nos encantar\u00eda saber de ti. Si tiene preguntas, necesita m\u00e1s informaci\u00f3n o quiere participar, estamos aqu\u00ed para ayudarle. Utilice el siguiente formulario o env\u00edenos un correo electr\u00f3nico directamente a <strong data-start=\"168\" data-end=\"198\"><a href=\"mailto:SummerSuppersNWS@gmail.com\" target=\"_blank\" rel=\"noopener\" data-start=\"170\" data-end=\"196\" data-is-only-node=\"\">SummerSuppersNWS@gmail.com<\/a><\/strong>. Si su consulta se refiere a uno de nuestros centros de acogida participantes, le enviaremos su mensaje lo antes posible durante el horario laboral habitual (por lo general, de lunes a viernes, entre las 9.00 y las 17.00 horas). P\u00f3ngase en contacto con nosotros hoy mismo, estaremos encantados de ayudarle.<\/p>\n\n<div class=\"wpcf7 no-js\" id=\"wpcf7-f757-o1\" lang=\"en\" dir=\"ltr\" data-wpcf7-id=\"757\">\n<div class=\"screen-reader-response\"><p role=\"status\" aria-live=\"polite\" aria-atomic=\"true\"><\/p> <ul><\/ul><\/div>\n<form action=\"\/es\/wp-json\/wp\/v2\/pages\/39#wpcf7-f757-o1\" method=\"post\" class=\"wpcf7-form init\" aria-label=\"Formulario de contacto\" novalidate=\"novalidate\" data-status=\"init\" data-trp-original-action=\"\/es\/wp-json\/wp\/v2\/pages\/39#wpcf7-f757-o1\">\n<fieldset class=\"hidden-fields-container\"><input type=\"hidden\" name=\"_wpcf7\" value=\"757\" \/><input type=\"hidden\" name=\"_wpcf7_version\" value=\"6.1.5\" \/><input type=\"hidden\" name=\"_wpcf7_locale\" value=\"en\" \/><input type=\"hidden\" name=\"_wpcf7_unit_tag\" value=\"wpcf7-f757-o1\" \/><input type=\"hidden\" name=\"_wpcf7_container_post\" value=\"0\" \/><input type=\"hidden\" name=\"_wpcf7_posted_data_hash\" value=\"\" \/>\n<\/fieldset>\n<div class=\"uacf7-form-wrapper-container uacf7-form-757\"><label> Su nombre\n    <span class=\"wpcf7-form-control-wrap\" data-name=\"your-name\"><input size=\"40\" maxlength=\"400\" class=\"wpcf7-form-control wpcf7-text wpcf7-validates-as-required\" autocomplete=\"name\" aria-required=\"true\" aria-invalid=\"false\" value=\"\" type=\"text\" name=\"your-name\" \/><\/span> <\/label>\n\n<label> Tu correo electr\u00f3nico\n    <span class=\"wpcf7-form-control-wrap\" data-name=\"your-email\"><input size=\"40\" maxlength=\"400\" class=\"wpcf7-form-control wpcf7-email wpcf7-validates-as-required wpcf7-text wpcf7-validates-as-email\" autocomplete=\"email\" aria-required=\"true\" aria-invalid=\"false\" value=\"\" type=\"email\" name=\"your-email\" \/><\/span> <\/label>\n\n<label> Asunto\n    <span class=\"wpcf7-form-control-wrap\" data-name=\"your-subject\"><input size=\"40\" maxlength=\"400\" class=\"wpcf7-form-control wpcf7-text wpcf7-validates-as-required\" aria-required=\"true\" aria-invalid=\"false\" value=\"\" type=\"text\" name=\"your-subject\" \/><\/span> <\/label>\n\n<label> Su mensaje (opcional)\n    <span class=\"wpcf7-form-control-wrap\" data-name=\"your-message\"><textarea cols=\"40\" rows=\"10\" maxlength=\"2000\" class=\"wpcf7-form-control wpcf7-textarea\" aria-invalid=\"false\" name=\"your-message\"><\/textarea><\/span> <\/label>\n\n<input class=\"wpcf7-form-control wpcf7-submit has-spinner\" type=\"submit\" value=\"Enviar\" \/><\/div><div class=\"wpcf7-response-output\" aria-hidden=\"true\"><\/div>\n<input type=\"hidden\" name=\"trp-form-language\" value=\"es\"\/><\/form>\n<\/div>","protected":false},"excerpt":{"rendered":"<p>We\u2019d love to hear from you! Whether you have questions, need more information, or want to get involved, we\u2019re here to help. Use the form below or email us directly&hellip; <a class=\"more-link\" href=\"https:\/\/communitysuppers.org\/es\/contact\/\">Seguir leyendo <span class=\"screen-reader-text\">P\u00f3ngase en contacto con<\/span><\/a><\/p>","protected":false},"author":1,"featured_media":0,"parent":0,"menu_order":0,"comment_status":"closed","ping_status":"closed","template":"","meta":{"_acf_changed":false,"footnotes":""},"class_list":["post-39","page","type-page","status-publish","hentry","entry"],"acf":[],"_links":{"self":[{"href":"https:\/\/communitysuppers.org\/es\/wp-json\/wp\/v2\/pages\/39","targetHints":{"allow":["GET"]}}],"collection":[{"href":"https:\/\/communitysuppers.org\/es\/wp-json\/wp\/v2\/pages"}],"about":[{"href":"https:\/\/communitysuppers.org\/es\/wp-json\/wp\/v2\/types\/page"}],"author":[{"embeddable":true,"href":"https:\/\/communitysuppers.org\/es\/wp-json\/wp\/v2\/users\/1"}],"replies":[{"embeddable":true,"href":"https:\/\/communitysuppers.org\/es\/wp-json\/wp\/v2\/comments?post=39"}],"version-history":[{"count":2,"href":"https:\/\/communitysuppers.org\/es\/wp-json\/wp\/v2\/pages\/39\/revisions"}],"predecessor-version":[{"id":913,"href":"https:\/\/communitysuppers.org\/es\/wp-json\/wp\/v2\/pages\/39\/revisions\/913"}],"wp:attachment":[{"href":"https:\/\/communitysuppers.org\/es\/wp-json\/wp\/v2\/media?parent=39"}],"curies":[{"name":"wp","href":"https:\/\/api.w.org\/{rel}","templated":true}]}}