{"id":37,"date":"2024-05-27T04:17:35","date_gmt":"2024-05-27T04:17:35","guid":{"rendered":"https:\/\/localhost:8080\/test2\/wordpress\/?page_id=7"},"modified":"2025-03-30T20:28:20","modified_gmt":"2025-03-30T20:28:20","slug":"create-your-website-with-blocks","status":"publish","type":"page","link":"https:\/\/communitysuppers.org\/es\/","title":{"rendered":"Bienvenido."},"content":{"rendered":"<h3>Bienvenido.<\/h3>\r\n\r\n<p>\u00a1Bienvenido a la Community Supper Coalition! Tanto si buscas ayuda como si est\u00e1s deseando apoyar nuestra misi\u00f3n, estamos encantados de que est\u00e9s aqu\u00ed. Si necesita ayuda en los suburbios del noroeste de Chicago, est\u00e1 en el lugar correcto: nuestros sitios anfitriones se turnan para servir comidas de mayo a septiembre. Para aquellos dispuestos a marcar la diferencia, explora c\u00f3mo puedes contribuir y unirte a nuestra comunidad para difundir esperanza y alimento. Juntos lograremos un impacto significativo.<\/p>","protected":false},"excerpt":{"rendered":"<p>Bienvenidos \u00a1Bienvenido a la Community Supper Coalition! Tanto si busca ayuda como si desea apoyar nuestra misi\u00f3n, estamos encantados de que est\u00e9 aqu\u00ed. Si necesita ayuda en los suburbios del noroeste de Chicago,... <a class=\"more-link\" href=\"https:\/\/communitysuppers.org\/es\/\">Seguir leyendo <span class=\"screen-reader-text\">Bienvenido.<\/span><\/a><\/p>","protected":false},"author":1,"featured_media":801,"parent":0,"menu_order":0,"comment_status":"closed","ping_status":"closed","template":"template-parts\/frontpage.php","meta":{"_acf_changed":false,"footnotes":""},"class_list":["post-37","page","type-page","status-publish","has-post-thumbnail","hentry","entry"],"acf":[],"_links":{"self":[{"href":"https:\/\/communitysuppers.org\/es\/wp-json\/wp\/v2\/pages\/37","targetHints":{"allow":["GET"]}}],"collection":[{"href":"https:\/\/communitysuppers.org\/es\/wp-json\/wp\/v2\/pages"}],"about":[{"href":"https:\/\/communitysuppers.org\/es\/wp-json\/wp\/v2\/types\/page"}],"author":[{"embeddable":true,"href":"https:\/\/communitysuppers.org\/es\/wp-json\/wp\/v2\/users\/1"}],"replies":[{"embeddable":true,"href":"https:\/\/communitysuppers.org\/es\/wp-json\/wp\/v2\/comments?post=37"}],"version-history":[{"count":3,"href":"https:\/\/communitysuppers.org\/es\/wp-json\/wp\/v2\/pages\/37\/revisions"}],"predecessor-version":[{"id":1010,"href":"https:\/\/communitysuppers.org\/es\/wp-json\/wp\/v2\/pages\/37\/revisions\/1010"}],"wp:featuredmedia":[{"embeddable":true,"href":"https:\/\/communitysuppers.org\/es\/wp-json\/wp\/v2\/media\/801"}],"wp:attachment":[{"href":"https:\/\/communitysuppers.org\/es\/wp-json\/wp\/v2\/media?parent=37"}],"curies":[{"name":"wp","href":"https:\/\/api.w.org\/{rel}","templated":true}]}}